{"id":694,"date":"2024-11-07T13:12:48","date_gmt":"2024-11-07T12:12:48","guid":{"rendered":"https:\/\/redlioness.net\/?page_id=694"},"modified":"2024-12-01T22:22:13","modified_gmt":"2024-12-01T21:22:13","slug":"ueber-mich","status":"publish","type":"page","link":"https:\/\/redlioness.net\/en\/ueber-mich\/","title":{"rendered":"About Me"},"content":{"rendered":"<div data-elementor-type=\"wp-page\" data-elementor-id=\"694\" class=\"elementor elementor-694\">\n\t\t\t\t<div class=\"elementor-element elementor-element-1bd6fce e-flex e-con-boxed e-con e-parent\" data-id=\"1bd6fce\" data-element_type=\"container\" data-e-type=\"container\">\n\t\t\t\t\t<div class=\"e-con-inner\">\n\t\t<div class=\"elementor-element elementor-element-0c13950 e-con-full e-flex e-con e-child\" data-id=\"0c13950\" data-element_type=\"container\" data-e-type=\"container\" data-settings=\"{&quot;background_background&quot;:&quot;classic&quot;}\">\n\t\t\t\t<div class=\"elementor-element elementor-element-f1bf77c exad-sticky-section-no exad-glass-effect-no elementor-widget elementor-widget-heading\" data-id=\"f1bf77c\" data-element_type=\"widget\" data-e-type=\"widget\" data-widget_type=\"heading.default\">\n\t\t\t\t\t<h2 class=\"elementor-heading-title elementor-size-default\">About Me<\/h2>\t\t\t\t<\/div>\n\t\t\t\t<div class=\"elementor-element elementor-element-cd39286 exad-sticky-section-no exad-glass-effect-no elementor-widget elementor-widget-heading\" data-id=\"cd39286\" data-element_type=\"widget\" data-e-type=\"widget\" data-widget_type=\"heading.default\">\n\t\t\t\t\t<p class=\"elementor-heading-title elementor-size-default\">I am The Red Lioness; singer, songwriter, scientist and still a child at heart.<\/p>\t\t\t\t<\/div>\n\t\t\t\t<\/div>\n\t\t\t\t\t<\/div>\n\t\t\t\t<\/div>\n\t\t<div class=\"elementor-element elementor-element-df42703 e-flex e-con-boxed e-con e-parent\" data-id=\"df42703\" data-element_type=\"container\" data-e-type=\"container\">\n\t\t\t\t\t<div class=\"e-con-inner\">\n\t\t\t\t<div class=\"elementor-element elementor-element-d31927d exad-sticky-section-no exad-glass-effect-no elementor-widget elementor-widget-spacer\" data-id=\"d31927d\" data-element_type=\"widget\" data-e-type=\"widget\" data-widget_type=\"spacer.default\">\n\t\t\t\t\t\t\t<div class=\"elementor-spacer\">\n\t\t\t<div class=\"elementor-spacer-inner\"><\/div>\n\t\t<\/div>\n\t\t\t\t\t\t<\/div>\n\t\t\t\t\t<\/div>\n\t\t\t\t<\/div>\n\t\t<div class=\"elementor-element elementor-element-230e323 e-flex e-con-boxed e-con e-parent\" data-id=\"230e323\" data-element_type=\"container\" data-e-type=\"container\" data-settings=\"{&quot;background_background&quot;:&quot;classic&quot;}\">\n\t\t\t\t\t<div class=\"e-con-inner\">\n\t\t<div class=\"elementor-element elementor-element-14babff e-con-full e-flex e-con e-child\" data-id=\"14babff\" data-element_type=\"container\" data-e-type=\"container\" data-settings=\"{&quot;background_background&quot;:&quot;classic&quot;}\">\n\t\t<div class=\"elementor-element elementor-element-c2f4a5e e-con-full e-flex e-con e-child\" data-id=\"c2f4a5e\" data-element_type=\"container\" data-e-type=\"container\">\n\t\t<div class=\"elementor-element elementor-element-acf946f e-con-full e-flex e-con e-child\" data-id=\"acf946f\" data-element_type=\"container\" data-e-type=\"container\">\n\t\t\t\t<div class=\"elementor-element elementor-element-442a856 exad-sticky-section-no exad-glass-effect-no elementor-widget elementor-widget-heading\" data-id=\"442a856\" data-element_type=\"widget\" data-e-type=\"widget\" data-widget_type=\"heading.default\">\n\t\t\t\t\t<h2 class=\"elementor-heading-title elementor-size-default\">Hello! I&#039;m The Red Lioness!<\/h2>\t\t\t\t<\/div>\n\t\t\t\t<div class=\"elementor-element elementor-element-03b33f2 exad-sticky-section-no exad-glass-effect-no elementor-widget elementor-widget-text-editor\" data-id=\"03b33f2\" data-element_type=\"widget\" data-e-type=\"widget\" data-widget_type=\"text-editor.default\">\n\t\t\t\t\t\t\t\t\t<p>The Red Lioness is more than just a stage name; it is the essence of my passionate soul that wanders through the depths of nature and the heights of music. Fascinated by the world around me from an early age, I decided to make science my profession and my great love of nature the focus of my life.<\/p><p>As a biologist, I have worked with the majestic great apes and spent many hours in the oceans of Hawaii, sharing the unique experience of swimming side by side with dolphins, whales and manta rays. These encounters with nature have deeply influenced my music and flow into every note I play and every line I sing.<\/p><p>At home in Heidelberg, I share my life with two lively chinchillas who are just as adventurous as I am. But when I&#039;m not pampering my furry friends, I devote myself to my greatest passion: music.\u00a0<\/p><p>I write my own songs, which often reflect my deepest experiences and strokes of fate, and in doing so I not only express my own soul, but also create a connection with those who feel the same.<\/p><p>In addition to singing and songwriting, I am learning guitar and am inspired by stories in books and on my travels - the words and impressions in them often spark new musical ideas and melodies in me.<\/p>\t\t\t\t\t\t\t\t<\/div>\n\t\t\t\t<\/div>\n\t\t\t\t<\/div>\n\t\t<div class=\"elementor-element elementor-element-849a698 e-con-full e-flex e-con e-child\" data-id=\"849a698\" data-element_type=\"container\" data-e-type=\"container\">\n\t\t<div class=\"elementor-element elementor-element-804c940 e-con-full e-flex e-con e-child\" data-id=\"804c940\" data-element_type=\"container\" data-e-type=\"container\">\n\t\t\t\t<div class=\"elementor-element elementor-element-5e9e6cb animated-slow exad-sticky-section-no exad-glass-effect-no elementor-invisible elementor-widget elementor-widget-image\" data-id=\"5e9e6cb\" data-element_type=\"widget\" data-e-type=\"widget\" data-settings=\"{&quot;_animation&quot;:&quot;fadeInUp&quot;}\" data-widget_type=\"image.default\">\n\t\t\t\t\t\t\t\t\t\t\t\t\t\t\t<img loading=\"lazy\" decoding=\"async\" width=\"800\" height=\"1000\" src=\"https:\/\/i0.wp.com\/redlioness.net\/wp-content\/uploads\/2024\/12\/Lion_BlueEyes_.png?fit=800%2C1000&amp;ssl=1\" class=\"attachment-full size-full wp-image-879\" alt=\"\" srcset=\"https:\/\/i0.wp.com\/redlioness.net\/wp-content\/uploads\/2024\/12\/Lion_BlueEyes_.png?w=800&amp;ssl=1 800w, https:\/\/i0.wp.com\/redlioness.net\/wp-content\/uploads\/2024\/12\/Lion_BlueEyes_.png?resize=240%2C300&amp;ssl=1 240w, https:\/\/i0.wp.com\/redlioness.net\/wp-content\/uploads\/2024\/12\/Lion_BlueEyes_.png?resize=768%2C960&amp;ssl=1 768w, https:\/\/i0.wp.com\/redlioness.net\/wp-content\/uploads\/2024\/12\/Lion_BlueEyes_.png?resize=10%2C12&amp;ssl=1 10w\" sizes=\"auto, (max-width: 800px) 100vw, 800px\" \/>\t\t\t\t\t\t\t\t\t\t\t\t\t\t\t<\/div>\n\t\t\t\t<\/div>\n\t\t<div class=\"elementor-element elementor-element-ddfb4e0 e-con-full e-flex e-con e-child\" data-id=\"ddfb4e0\" data-element_type=\"container\" data-e-type=\"container\">\n\t\t\t\t<div class=\"elementor-element elementor-element-a03f89b exad-sticky-section-no exad-glass-effect-no elementor-widget elementor-widget-text-editor\" data-id=\"a03f89b\" data-element_type=\"widget\" data-e-type=\"widget\" data-widget_type=\"text-editor.default\">\n\t\t\t\t\t\t\t\t\t<p>Musically, I am versatile and find inspiration in many genres. I love the depth of classical music, the raw energy of rock, hard rock and metal, and the lightness of pop and folk. Singer-songwriter pieces also touch me deeply because they often tell the stories that I want to share with my music.<\/p><p>For me, every day is an opportunity to see the good and discover miracles. My songs reflect this belief and express my belief that even in the most difficult times, a spark of light shines. I believe in the miraculous in everyday life, in the power of friendship, and that we all have the power to make the world a better place - one song, one story, one heartbeat at a time.<\/p>\t\t\t\t\t\t\t\t<\/div>\n\t\t\t\t<\/div>\n\t\t\t\t<\/div>\n\t\t<div class=\"elementor-element elementor-element-808b7f0 e-con-full e-flex e-con e-child\" data-id=\"808b7f0\" data-element_type=\"container\" data-e-type=\"container\">\n\t\t\t\t<div class=\"elementor-element elementor-element-8d03651 exad-sticky-section-no exad-glass-effect-no elementor-widget elementor-widget-text-editor\" data-id=\"8d03651\" data-element_type=\"widget\" data-e-type=\"widget\" data-widget_type=\"text-editor.default\">\n\t\t\t\t\t\t\t\t\t<p>I&#039;m always looking for exciting, creative collaborations with other musicians and artists. Writing songs together, developing music projects and releasing them together - for me, these are the best ways to create new ideas and inspire each other. If you&#039;re interested in working together, I look forward to hearing from you! Let&#039;s create something special together.<\/p>\t\t\t\t\t\t\t\t<\/div>\n\t\t\t\t<\/div>\n\t\t\t\t<\/div>\n\t\t\t\t\t<\/div>\n\t\t\t\t<\/div>\n\t\t<div class=\"elementor-element elementor-element-8a1f8a2 e-flex e-con-boxed e-con e-parent\" data-id=\"8a1f8a2\" data-element_type=\"container\" data-e-type=\"container\" data-settings=\"{&quot;background_background&quot;:&quot;classic&quot;}\">\n\t\t\t\t\t<div class=\"e-con-inner\">\n\t\t<div class=\"elementor-element elementor-element-31f3e9f e-con-full e-flex e-con e-child\" data-id=\"31f3e9f\" data-element_type=\"container\" data-e-type=\"container\" data-settings=\"{&quot;background_background&quot;:&quot;classic&quot;}\">\n\t\t<div class=\"elementor-element elementor-element-62dd87b e-con-full e-flex e-con e-child\" data-id=\"62dd87b\" data-element_type=\"container\" data-e-type=\"container\">\n\t\t<div class=\"elementor-element elementor-element-f93df75 e-con-full e-flex e-con e-child\" data-id=\"f93df75\" data-element_type=\"container\" data-e-type=\"container\">\n\t\t\t\t<div class=\"elementor-element elementor-element-fe8d80c elementor-widget-mobile__width-inherit exad-sticky-section-no exad-glass-effect-no elementor-widget elementor-widget-heading\" data-id=\"fe8d80c\" data-element_type=\"widget\" data-e-type=\"widget\" data-widget_type=\"heading.default\">\n\t\t\t\t\t<h2 class=\"elementor-heading-title elementor-size-default\">Send me an email!<\/h2>\t\t\t\t<\/div>\n\t\t\t\t<div class=\"elementor-element elementor-element-a4f2574 elementor-align-center exad-sticky-section-no exad-glass-effect-no elementor-widget elementor-widget-button\" data-id=\"a4f2574\" data-element_type=\"widget\" data-e-type=\"widget\" data-widget_type=\"button.default\">\n\t\t\t\t\t\t\t\t\t\t<a class=\"elementor-button elementor-button-link elementor-size-sm\" href=\"mailto:redlioness.music@gmail.com\">\n\t\t\t\t\t\t<span class=\"elementor-button-content-wrapper\">\n\t\t\t\t\t\t<span class=\"elementor-button-icon\">\n\t\t\t\t<i aria-hidden=\"true\" class=\"remixicon ri-music-2-fill\"><\/i>\t\t\t<\/span>\n\t\t\t\t\t\t\t\t\t<span class=\"elementor-button-text\">Write to me<\/span>\n\t\t\t\t\t<\/span>\n\t\t\t\t\t<\/a>\n\t\t\t\t\t\t\t\t<\/div>\n\t\t\t\t<\/div>\n\t\t\t\t<\/div>\n\t\t\t\t<\/div>\n\t\t\t\t\t<\/div>\n\t\t\t\t<\/div>\n\t\t\t\t<\/div>","protected":false},"excerpt":{"rendered":"<p>\u00dcber Mich Ich bin The Red Lioness; S\u00e4ngerin, Songwriter, Naturwissenschaftlerin und im Herzen immer noch ein Kind. Hallo! Ich bin [&hellip;]<\/p>\n","protected":false},"author":2,"featured_media":0,"parent":0,"menu_order":0,"comment_status":"closed","ping_status":"closed","template":"","meta":{"_uag_custom_page_level_css":"","site-sidebar-layout":"no-sidebar","site-content-layout":"","ast-site-content-layout":"full-width-container","site-content-style":"default","site-sidebar-style":"default","ast-global-header-display":"","ast-banner-title-visibility":"","ast-main-header-display":"","ast-hfb-above-header-display":"","ast-hfb-below-header-display":"","ast-hfb-mobile-header-display":"","site-post-title":"disabled","ast-breadcrumbs-content":"","ast-featured-img":"disabled","footer-sml-layout":"","theme-transparent-header-meta":"","adv-header-id-meta":"","stick-header-meta":"","header-above-stick-meta":"","header-main-stick-meta":"","header-below-stick-meta":"","astra-migrate-meta-layouts":"default","ast-page-background-enabled":"default","ast-page-background-meta":{"desktop":{"background-color":"var(--ast-global-color-4)","background-image":"","background-repeat":"repeat","background-position":"center center","background-size":"auto","background-attachment":"scroll","background-type":"","background-media":"","overlay-type":"","overlay-color":"","overlay-opacity":"","overlay-gradient":""},"tablet":{"background-color":"","background-image":"","background-repeat":"repeat","background-position":"center center","background-size":"auto","background-attachment":"scroll","background-type":"","background-media":"","overlay-type":"","overlay-color":"","overlay-opacity":"","overlay-gradient":""},"mobile":{"background-color":"","background-image":"","background-repeat":"repeat","background-position":"center center","background-size":"auto","background-attachment":"scroll","background-type":"","background-media":"","overlay-type":"","overlay-color":"","overlay-opacity":"","overlay-gradient":""}},"ast-content-background-meta":{"desktop":{"background-color":"var(--ast-global-color-5)","background-image":"","background-repeat":"repeat","background-position":"center center","background-size":"auto","background-attachment":"scroll","background-type":"","background-media":"","overlay-type":"","overlay-color":"","overlay-opacity":"","overlay-gradient":""},"tablet":{"background-color":"var(--ast-global-color-5)","background-image":"","background-repeat":"repeat","background-position":"center center","background-size":"auto","background-attachment":"scroll","background-type":"","background-media":"","overlay-type":"","overlay-color":"","overlay-opacity":"","overlay-gradient":""},"mobile":{"background-color":"var(--ast-global-color-5)","background-image":"","background-repeat":"repeat","background-position":"center center","background-size":"auto","background-attachment":"scroll","background-type":"","background-media":"","overlay-type":"","overlay-color":"","overlay-opacity":"","overlay-gradient":""}},"footnotes":""},"class_list":["post-694","page","type-page","status-publish","hentry"],"yoast_head":"<!-- This site is optimized with the Yoast SEO plugin v27.5 - https:\/\/yoast.com\/product\/yoast-seo-wordpress\/ -->\n<title>\u00dcber Mich - The Red Lioness<\/title>\n<meta name=\"robots\" content=\"index, follow, max-snippet:-1, max-image-preview:large, max-video-preview:-1\" \/>\n<link rel=\"canonical\" href=\"https:\/\/redlioness.net\/en\/ueber-mich\/\" \/>\n<meta property=\"og:locale\" content=\"en_US\" \/>\n<meta property=\"og:type\" content=\"article\" \/>\n<meta property=\"og:title\" content=\"\u00dcber Mich - The Red Lioness\" \/>\n<meta property=\"og:description\" content=\"\u00dcber Mich Ich bin The Red Lioness; S\u00e4ngerin, Songwriter, Naturwissenschaftlerin und im Herzen immer noch ein Kind. Hallo! Ich bin [&hellip;]\" \/>\n<meta property=\"og:url\" content=\"https:\/\/redlioness.net\/en\/ueber-mich\/\" \/>\n<meta property=\"og:site_name\" content=\"The Red Lioness\" \/>\n<meta property=\"article:publisher\" content=\"https:\/\/www.facebook.com\/profile.php?id=61557948161469\" \/>\n<meta property=\"article:modified_time\" content=\"2024-12-01T21:22:13+00:00\" \/>\n<meta property=\"og:image\" content=\"https:\/\/redlioness.net\/wp-content\/uploads\/2024\/12\/Lion_BlueEyes_.png\" \/>\n<meta name=\"twitter:card\" content=\"summary_large_image\" \/>\n<meta name=\"twitter:label1\" content=\"Est. reading time\" \/>\n\t<meta name=\"twitter:data1\" content=\"3 minutes\" \/>\n<script type=\"application\/ld+json\" class=\"yoast-schema-graph\">{\"@context\":\"https:\\\/\\\/schema.org\",\"@graph\":[{\"@type\":\"WebPage\",\"@id\":\"https:\\\/\\\/redlioness.net\\\/ueber-mich\\\/\",\"url\":\"https:\\\/\\\/redlioness.net\\\/ueber-mich\\\/\",\"name\":\"\u00dcber Mich - The Red Lioness\",\"isPartOf\":{\"@id\":\"https:\\\/\\\/redlioness.net\\\/#website\"},\"primaryImageOfPage\":{\"@id\":\"https:\\\/\\\/redlioness.net\\\/ueber-mich\\\/#primaryimage\"},\"image\":{\"@id\":\"https:\\\/\\\/redlioness.net\\\/ueber-mich\\\/#primaryimage\"},\"thumbnailUrl\":\"https:\\\/\\\/redlioness.net\\\/wp-content\\\/uploads\\\/2024\\\/12\\\/Lion_BlueEyes_.png\",\"datePublished\":\"2024-11-07T12:12:48+00:00\",\"dateModified\":\"2024-12-01T21:22:13+00:00\",\"breadcrumb\":{\"@id\":\"https:\\\/\\\/redlioness.net\\\/ueber-mich\\\/#breadcrumb\"},\"inLanguage\":\"en-US\",\"potentialAction\":[{\"@type\":\"ReadAction\",\"target\":[\"https:\\\/\\\/redlioness.net\\\/ueber-mich\\\/\"]}]},{\"@type\":\"ImageObject\",\"inLanguage\":\"en-US\",\"@id\":\"https:\\\/\\\/redlioness.net\\\/ueber-mich\\\/#primaryimage\",\"url\":\"https:\\\/\\\/redlioness.net\\\/wp-content\\\/uploads\\\/2024\\\/12\\\/Lion_BlueEyes_.png\",\"contentUrl\":\"https:\\\/\\\/redlioness.net\\\/wp-content\\\/uploads\\\/2024\\\/12\\\/Lion_BlueEyes_.png\"},{\"@type\":\"BreadcrumbList\",\"@id\":\"https:\\\/\\\/redlioness.net\\\/ueber-mich\\\/#breadcrumb\",\"itemListElement\":[{\"@type\":\"ListItem\",\"position\":1,\"name\":\"Startseite\",\"item\":\"https:\\\/\\\/redlioness.net\\\/\"},{\"@type\":\"ListItem\",\"position\":2,\"name\":\"\u00dcber Mich\"}]},{\"@type\":\"WebSite\",\"@id\":\"https:\\\/\\\/redlioness.net\\\/#website\",\"url\":\"https:\\\/\\\/redlioness.net\\\/\",\"name\":\"The Red Lioness\",\"description\":\"\",\"publisher\":{\"@id\":\"https:\\\/\\\/redlioness.net\\\/#organization\"},\"potentialAction\":[{\"@type\":\"SearchAction\",\"target\":{\"@type\":\"EntryPoint\",\"urlTemplate\":\"https:\\\/\\\/redlioness.net\\\/?s={search_term_string}\"},\"query-input\":{\"@type\":\"PropertyValueSpecification\",\"valueRequired\":true,\"valueName\":\"search_term_string\"}}],\"inLanguage\":\"en-US\"},{\"@type\":\"Organization\",\"@id\":\"https:\\\/\\\/redlioness.net\\\/#organization\",\"name\":\"The Red Lioness\",\"url\":\"https:\\\/\\\/redlioness.net\\\/\",\"logo\":{\"@type\":\"ImageObject\",\"inLanguage\":\"en-US\",\"@id\":\"https:\\\/\\\/redlioness.net\\\/#\\\/schema\\\/logo\\\/image\\\/\",\"url\":\"https:\\\/\\\/i0.wp.com\\\/redlioness.net\\\/wp-content\\\/uploads\\\/2025\\\/01\\\/Marija_Logo-02-downscaled.png?fit=3750%2C2891&ssl=1\",\"contentUrl\":\"https:\\\/\\\/i0.wp.com\\\/redlioness.net\\\/wp-content\\\/uploads\\\/2025\\\/01\\\/Marija_Logo-02-downscaled.png?fit=3750%2C2891&ssl=1\",\"width\":3750,\"height\":2891,\"caption\":\"The Red Lioness\"},\"image\":{\"@id\":\"https:\\\/\\\/redlioness.net\\\/#\\\/schema\\\/logo\\\/image\\\/\"},\"sameAs\":[\"https:\\\/\\\/www.facebook.com\\\/profile.php?id=61557948161469\",\"https:\\\/\\\/www.instagram.com\\\/the_red_lioness.music\",\"https:\\\/\\\/tiktok.com\\\/@the.red.lioness\",\"https:\\\/\\\/www.youtube.com\\\/@The_Red_Lioness\"]}]}<\/script>\n<!-- \/ Yoast SEO plugin. -->","yoast_head_json":{"title":"About Me - The Red Lioness","robots":{"index":"index","follow":"follow","max-snippet":"max-snippet:-1","max-image-preview":"max-image-preview:large","max-video-preview":"max-video-preview:-1"},"canonical":"https:\/\/redlioness.net\/en\/ueber-mich\/","og_locale":"en_US","og_type":"article","og_title":"\u00dcber Mich - The Red Lioness","og_description":"\u00dcber Mich Ich bin The Red Lioness; S\u00e4ngerin, Songwriter, Naturwissenschaftlerin und im Herzen immer noch ein Kind. Hallo! Ich bin [&hellip;]","og_url":"https:\/\/redlioness.net\/en\/ueber-mich\/","og_site_name":"The Red Lioness","article_publisher":"https:\/\/www.facebook.com\/profile.php?id=61557948161469","article_modified_time":"2024-12-01T21:22:13+00:00","og_image":[{"url":"https:\/\/redlioness.net\/wp-content\/uploads\/2024\/12\/Lion_BlueEyes_.png","type":"","width":"","height":""}],"twitter_card":"summary_large_image","twitter_misc":{"Est. reading time":"3 minutes"},"schema":{"@context":"https:\/\/schema.org","@graph":[{"@type":"WebPage","@id":"https:\/\/redlioness.net\/ueber-mich\/","url":"https:\/\/redlioness.net\/ueber-mich\/","name":"About Me - The Red Lioness","isPartOf":{"@id":"https:\/\/redlioness.net\/#website"},"primaryImageOfPage":{"@id":"https:\/\/redlioness.net\/ueber-mich\/#primaryimage"},"image":{"@id":"https:\/\/redlioness.net\/ueber-mich\/#primaryimage"},"thumbnailUrl":"https:\/\/redlioness.net\/wp-content\/uploads\/2024\/12\/Lion_BlueEyes_.png","datePublished":"2024-11-07T12:12:48+00:00","dateModified":"2024-12-01T21:22:13+00:00","breadcrumb":{"@id":"https:\/\/redlioness.net\/ueber-mich\/#breadcrumb"},"inLanguage":"en-US","potentialAction":[{"@type":"ReadAction","target":["https:\/\/redlioness.net\/ueber-mich\/"]}]},{"@type":"ImageObject","inLanguage":"en-US","@id":"https:\/\/redlioness.net\/ueber-mich\/#primaryimage","url":"https:\/\/redlioness.net\/wp-content\/uploads\/2024\/12\/Lion_BlueEyes_.png","contentUrl":"https:\/\/redlioness.net\/wp-content\/uploads\/2024\/12\/Lion_BlueEyes_.png"},{"@type":"BreadcrumbList","@id":"https:\/\/redlioness.net\/ueber-mich\/#breadcrumb","itemListElement":[{"@type":"ListItem","position":1,"name":"Startseite","item":"https:\/\/redlioness.net\/"},{"@type":"ListItem","position":2,"name":"\u00dcber Mich"}]},{"@type":"WebSite","@id":"https:\/\/redlioness.net\/#website","url":"https:\/\/redlioness.net\/","name":"The Red Lioness","description":"","publisher":{"@id":"https:\/\/redlioness.net\/#organization"},"potentialAction":[{"@type":"SearchAction","target":{"@type":"EntryPoint","urlTemplate":"https:\/\/redlioness.net\/?s={search_term_string}"},"query-input":{"@type":"PropertyValueSpecification","valueRequired":true,"valueName":"search_term_string"}}],"inLanguage":"en-US"},{"@type":"Organization","@id":"https:\/\/redlioness.net\/#organization","name":"The Red Lioness","url":"https:\/\/redlioness.net\/","logo":{"@type":"ImageObject","inLanguage":"en-US","@id":"https:\/\/redlioness.net\/#\/schema\/logo\/image\/","url":"https:\/\/i0.wp.com\/redlioness.net\/wp-content\/uploads\/2025\/01\/Marija_Logo-02-downscaled.png?fit=3750%2C2891&ssl=1","contentUrl":"https:\/\/i0.wp.com\/redlioness.net\/wp-content\/uploads\/2025\/01\/Marija_Logo-02-downscaled.png?fit=3750%2C2891&ssl=1","width":3750,"height":2891,"caption":"The Red Lioness"},"image":{"@id":"https:\/\/redlioness.net\/#\/schema\/logo\/image\/"},"sameAs":["https:\/\/www.facebook.com\/profile.php?id=61557948161469","https:\/\/www.instagram.com\/the_red_lioness.music","https:\/\/tiktok.com\/@the.red.lioness","https:\/\/www.youtube.com\/@The_Red_Lioness"]}]}},"uagb_featured_image_src":{"full":false,"thumbnail":false,"medium":false,"medium_large":false,"large":false,"1536x1536":false,"2048x2048":false,"trp-custom-language-flag":false},"uagb_author_info":{"display_name":"Philipp Osewold","author_link":"https:\/\/redlioness.net\/en\/author\/philipp-osewold\/"},"uagb_comment_info":0,"uagb_excerpt":"\u00dcber Mich Ich bin The Red Lioness; S\u00e4ngerin, Songwriter, Naturwissenschaftlerin und im Herzen immer noch ein Kind. Hallo! Ich bin [&hellip;]","jetpack_sharing_enabled":true,"_links":{"self":[{"href":"https:\/\/redlioness.net\/en\/wp-json\/wp\/v2\/pages\/694","targetHints":{"allow":["GET"]}}],"collection":[{"href":"https:\/\/redlioness.net\/en\/wp-json\/wp\/v2\/pages"}],"about":[{"href":"https:\/\/redlioness.net\/en\/wp-json\/wp\/v2\/types\/page"}],"author":[{"embeddable":true,"href":"https:\/\/redlioness.net\/en\/wp-json\/wp\/v2\/users\/2"}],"replies":[{"embeddable":true,"href":"https:\/\/redlioness.net\/en\/wp-json\/wp\/v2\/comments?post=694"}],"version-history":[{"count":62,"href":"https:\/\/redlioness.net\/en\/wp-json\/wp\/v2\/pages\/694\/revisions"}],"predecessor-version":[{"id":965,"href":"https:\/\/redlioness.net\/en\/wp-json\/wp\/v2\/pages\/694\/revisions\/965"}],"wp:attachment":[{"href":"https:\/\/redlioness.net\/en\/wp-json\/wp\/v2\/media?parent=694"}],"curies":[{"name":"wp","href":"https:\/\/api.w.org\/{rel}","templated":true}]}}